{"id":1076,"date":"2025-03-13T13:24:51","date_gmt":"2025-03-13T13:24:51","guid":{"rendered":"https:\/\/lagrandeglobal.com\/shawn-leamon\/"},"modified":"2025-03-13T13:45:10","modified_gmt":"2025-03-13T13:45:10","slug":"shawn-leamon","status":"publish","type":"page","link":"https:\/\/lagrandeglobal.com\/es\/shawn-leamon\/","title":{"rendered":"Shawn Leamon"},"content":{"rendered":"\n<h1>\n\t\tShawn Leamon\n\t<\/h1>\n\t\t\t\t<img loading=\"lazy\" decoding=\"async\" src=\"https:\/\/lagrandeglobal.com\/wp-content\/uploads\/2025\/01\/ShawnImage.jpg\" alt=\"ShawnImage\" itemprop=\"image\" height=\"268\" width=\"268\" title=\"ShawnImage\" onerror=\"this.style.display='none'\"  \/>\n\t<h2>Shawn Christopher<br \/>\nHiner Leamon<\/h2>\n<h4>Fundador y Socio Director, LaGrande Global<\/h4>\n\t<p>Shawn Christopher Hiner Leamon es un empresario, inversionista y pensador global con m\u00e1s de una d\u00e9cada de experiencia en la construcci\u00f3n de negocios y la gesti\u00f3n de inversiones en industrias diversas. Como fundador de LaGrande Global, Shawn ha combinado sus profundas habilidades anal\u00edticas y su perspectiva global para ayudar a los clientes a prosperar en mercados complejos, particularmente en Am\u00e9rica Latina.<\/p>\n<h4>Un Viaje Emprendedor<\/h4>\n<p>Nacido y criado en Dallas, Texas, las experiencias tempranas de Shawn moldearon su ambici\u00f3n y resiliencia. Tras obtener t\u00edtulos en Econom\u00eda y Filosof\u00eda en Dartmouth College, comenz\u00f3 su carrera en la banca de inversi\u00f3n y la gesti\u00f3n de patrimonios, administrando portafolios por m\u00e1s de $1,000 millones de d\u00f3lares. Aunque destacaba en el mundo corporativo, se dio cuenta de que su verdadera vocaci\u00f3n estaba en construir negocios y crear valor a largo plazo.<\/p>\n<p>&nbsp;<\/p>\n<p>En 2013, fund\u00f3 LaGrande Global, una firma de inversi\u00f3n que administra cerca de $100 millones de d\u00f3lares en activos a trav\u00e9s de capital privado, startups, bienes ra\u00edces y mercados p\u00fablicos. La firma se enfoca en identificar oportunidades inexploradas y fomentar el crecimiento en industrias con alto potencial. El enfoque pr\u00e1ctico y la perspectiva a largo plazo de Shawn han diferenciado a LaGrande Global, particularmente en los din\u00e1micos mercados de Am\u00e9rica Latina.<\/p>\n<h4>\u00c9xito Comprobado en Diversos Emprendimientos<\/h4>\n<p>El recorrido empresarial de Shawn va m\u00e1s all\u00e1 de la gesti\u00f3n de inversiones. Fund\u00f3 LaGrande Marketing, una agencia de marketing digital especializada en bufetes de abogados, que creci\u00f3 hasta convertirse en un negocio de siete cifras antes de venderla con \u00e9xito. Su capacidad para escalar operaciones, construir equipos s\u00f3lidos y entregar resultados destaca su versatilidad y compromiso con la excelencia.<\/p>\n<h4>Una Perspectiva Global<\/h4>\n<p>El trabajo de Shawn est\u00e1 profundamente arraigado en su comprensi\u00f3n de los mercados internacionales. Tras obtener su MBA en la IE Business School en Madrid, desarroll\u00f3 una pasi\u00f3n por las econom\u00edas emergentes de Am\u00e9rica Latina. Hoy, vive en Bogot\u00e1, Colombia, donde invierte activamente en industrias como AgTech, turismo sostenible y tecnolog\u00eda. Su enfoque enfatiza el compromiso local, una diligencia debida profunda y la alineaci\u00f3n con las oportunidades regionales.<\/p>\n<h4>Liderazgo Pr\u00e1ctico<\/h4>\n<p>La filosof\u00eda de liderazgo de Shawn gira en torno a la disciplina, la colaboraci\u00f3n y el impacto. Ya sea visitando sitios de inversi\u00f3n, buscando talento o asesorando a clientes, Shawn garantiza que las realidades en el terreno sean consideradas en cada decisi\u00f3n. Su \u00e9tica se refleja en su compromiso como atleta de ultra resistencia, completando maratones y carreras de 24 horas que desaf\u00edan tanto l\u00edmites f\u00edsicos como mentales.<\/p>\n<h4>Resiliencia y Visi\u00f3n<\/h4>\n<p>El camino al \u00e9xito de Shawn no estuvo exento de desaf\u00edos. Desde iniciar sus primeros negocios sin una red de seguridad financiera hasta enfrentar arduos d\u00edas de trabajo para alcanzar sus metas, conoce el valor de la perseverancia. Su compromiso con construir proyectos significativos que empoderen a otros est\u00e1 en el n\u00facleo de todo lo que hace.<\/p>\n<h4>Mirando Hacia el Futuro<\/h4>\n<p>Como socio director de LaGrande Global, Shawn est\u00e1 dedicado a ayudar a inversionistas y empresas a desbloquear oportunidades en Am\u00e9rica Latina y m\u00e1s all\u00e1. Su pasi\u00f3n por la innovaci\u00f3n, el pensamiento estrat\u00e9gico y el crecimiento a largo plazo contin\u00faa impulsando su visi\u00f3n para el futuro.<\/p>\n<h2>\n\t\tGet In Touch\n\t<\/h2>\n\t\n<div class=\"wpcf7 no-js\" id=\"wpcf7-f655-o1\" lang=\"es-ES\" dir=\"ltr\" data-wpcf7-id=\"655\">\n<div class=\"screen-reader-response\"><p role=\"status\" aria-live=\"polite\" aria-atomic=\"true\"><\/p> <ul><\/ul><\/div>\n<form action=\"\/es\/wp-json\/wp\/v2\/pages\/1076#wpcf7-f655-o1\" method=\"post\" class=\"wpcf7-form init\" aria-label=\"Formulario de contacto\" novalidate=\"novalidate\" data-status=\"init\">\n<fieldset class=\"hidden-fields-container\"><input type=\"hidden\" name=\"_wpcf7\" value=\"655\" \/><input type=\"hidden\" name=\"_wpcf7_version\" value=\"6.1.5\" \/><input type=\"hidden\" name=\"_wpcf7_locale\" value=\"es_ES\" \/><input type=\"hidden\" name=\"_wpcf7_unit_tag\" value=\"wpcf7-f655-o1\" \/><input type=\"hidden\" name=\"_wpcf7_container_post\" value=\"0\" \/><input type=\"hidden\" name=\"_wpcf7_posted_data_hash\" value=\"\" \/><input type=\"hidden\" name=\"_wpcf7_recaptcha_response\" value=\"\" \/>\n<\/fieldset>\n<div class=\"row\">\n\t<div class=\"col-md-6\">\n\t\t<p><label>Nombre *<\/label><span class=\"wpcf7-form-control-wrap\" data-name=\"your-first\"><input size=\"40\" maxlength=\"400\" class=\"wpcf7-form-control wpcf7-text wpcf7-validates-as-required\" aria-required=\"true\" aria-invalid=\"false\" value=\"\" type=\"text\" name=\"your-first\" \/><\/span>\n\t\t<\/p>\n\t<\/div>\n\t<div class=\"col-md-6\">\n\t\t<p><label>Apellido *<\/label><span class=\"wpcf7-form-control-wrap\" data-name=\"your-last\"><input size=\"40\" maxlength=\"400\" class=\"wpcf7-form-control wpcf7-text wpcf7-validates-as-required\" aria-required=\"true\" aria-invalid=\"false\" value=\"\" type=\"text\" name=\"your-last\" \/><\/span>\n\t\t<\/p>\n\t<\/div>\n<\/div>\n<div class=\"row\">\n\t<div class=\"col-md-6\">\n\t\t<p><label>Correo electr\u00f3nico *<\/label><span class=\"wpcf7-form-control-wrap\" data-name=\"your-email\"><input size=\"40\" maxlength=\"400\" class=\"wpcf7-form-control wpcf7-email wpcf7-validates-as-required wpcf7-text wpcf7-validates-as-email\" aria-required=\"true\" aria-invalid=\"false\" value=\"\" type=\"email\" name=\"your-email\" \/><\/span>\n\t\t<\/p>\n\t<\/div>\n\t<div class=\"col-md-6\" style=\"position: relative;\">\n\t\t<p><label>Tel\u00e9fono *<\/label><span class=\"wpcf7-form-control-wrap\" data-name=\"your-phone\"><input size=\"40\" class=\"wpcf7-form-control wpcf7-phonetext wpcf7-validates-as-required wpcf7-text wpcf7-validates-as-phonetext\" aria-required=\"true\" aria-invalid=\"false\" value=\"\" type=\"text\" name=\"your-phone\" \/><input type=\"hidden\" name=\"your-phone-country-code\" class=\"wpcf7-phonetext-country-code\" \/><\/span>\n\t\t<\/p>\n\t<\/div>\n<\/div>\n<div class=\"row\">\n\t<div class=\"col-md-12\">\n\t\t<p><label>Nombre de la empresa *<\/label><span class=\"wpcf7-form-control-wrap\" data-name=\"company-name\"><input size=\"40\" maxlength=\"400\" class=\"wpcf7-form-control wpcf7-text wpcf7-validates-as-required\" aria-required=\"true\" aria-invalid=\"false\" value=\"\" type=\"text\" name=\"company-name\" \/><\/span>\n\t\t<\/p>\n\t<\/div>\n\t<div class=\"col-md-12\">\n\t\t<p><label>\u00bfC\u00f3mo podemos ayudarle? *<\/label><span class=\"wpcf7-form-control-wrap\" data-name=\"your-message\"><textarea cols=\"40\" rows=\"10\" maxlength=\"2000\" class=\"wpcf7-form-control wpcf7-textarea wpcf7-validates-as-required\" aria-required=\"true\" aria-invalid=\"false\" name=\"your-message\"><\/textarea><\/span>\n\t\t<\/p>\n\t<\/div>\n<\/div>\n<div class=\"row\">\n\t<p><span id=\"wpcf7-69d61c64b1582-wrapper\" class=\"wpcf7-form-control-wrap setfield-wrap\" style=\"display:none !important; visibility:hidden !important;\"><label for=\"wpcf7-69d61c64b1582-field\" class=\"hp-message\">Por favor, deja este campo vac\u00edo.<\/label><input id=\"wpcf7-69d61c64b1582-field\"  class=\"wpcf7-form-control wpcf7-text\" type=\"text\" name=\"setfield\" value=\"\" size=\"40\" tabindex=\"-1\" autocomplete=\"new-password\" \/><\/span>\n\t<\/p>\n\t<div class=\"col-md-12\">\n\t\t<p><input class=\"wpcf7-form-control wpcf7-submit has-spinner\" type=\"submit\" value=\"Enviar\" \/>\n\t\t<\/p>\n\t<\/div>\n<\/div><p style=\"display: none !important;\" class=\"akismet-fields-container\" data-prefix=\"_wpcf7_ak_\"><label>&#916;<textarea name=\"_wpcf7_ak_hp_textarea\" cols=\"45\" rows=\"8\" maxlength=\"100\"><\/textarea><\/label><input type=\"hidden\" id=\"ak_js_1\" name=\"_wpcf7_ak_js\" value=\"27\"\/><script>document.getElementById( \"ak_js_1\" ).setAttribute( \"value\", ( new Date() ).getTime() );<\/script><\/p><div class=\"wpcf7-response-output\" aria-hidden=\"true\"><\/div>\n<\/form>\n<\/div>\n\n\n","protected":false},"excerpt":{"rendered":"<p>Shawn Leamon Shawn Christopher Hiner Leamon Fundador y Socio Director, LaGrande Global Shawn Christopher Hiner Leamon es un empresario, inversionista y pensador global con m\u00e1s de una d\u00e9cada de experiencia en la construcci\u00f3n de negocios y la gesti\u00f3n de inversiones en industrias diversas. Como fundador de LaGrande Global, Shawn ha combinado sus profundas habilidades anal\u00edticas&hellip;<\/p>\n","protected":false},"author":7,"featured_media":0,"parent":0,"menu_order":0,"comment_status":"closed","ping_status":"closed","template":"","meta":{"inline_featured_image":false,"footnotes":""},"class_list":["post-1076","page","type-page","status-publish","hentry"],"_links":{"self":[{"href":"https:\/\/lagrandeglobal.com\/es\/wp-json\/wp\/v2\/pages\/1076","targetHints":{"allow":["GET"]}}],"collection":[{"href":"https:\/\/lagrandeglobal.com\/es\/wp-json\/wp\/v2\/pages"}],"about":[{"href":"https:\/\/lagrandeglobal.com\/es\/wp-json\/wp\/v2\/types\/page"}],"author":[{"embeddable":true,"href":"https:\/\/lagrandeglobal.com\/es\/wp-json\/wp\/v2\/users\/7"}],"replies":[{"embeddable":true,"href":"https:\/\/lagrandeglobal.com\/es\/wp-json\/wp\/v2\/comments?post=1076"}],"version-history":[{"count":2,"href":"https:\/\/lagrandeglobal.com\/es\/wp-json\/wp\/v2\/pages\/1076\/revisions"}],"predecessor-version":[{"id":1079,"href":"https:\/\/lagrandeglobal.com\/es\/wp-json\/wp\/v2\/pages\/1076\/revisions\/1079"}],"wp:attachment":[{"href":"https:\/\/lagrandeglobal.com\/es\/wp-json\/wp\/v2\/media?parent=1076"}],"curies":[{"name":"wp","href":"https:\/\/api.w.org\/{rel}","templated":true}]}}