{"id":1087,"date":"2025-03-13T13:26:21","date_gmt":"2025-03-13T13:26:21","guid":{"rendered":"https:\/\/lagrandeglobal.com\/camilo-ceballos\/"},"modified":"2025-03-31T14:03:34","modified_gmt":"2025-03-31T14:03:34","slug":"camilo-ceballos","status":"publish","type":"page","link":"https:\/\/lagrandeglobal.com\/es\/camilo-ceballos\/","title":{"rendered":"Camilo Ceballos"},"content":{"rendered":"\n<h1>\n\t\tCamilo Ceballos\n\t<\/h1>\n\t\t\t\t<img loading=\"lazy\" decoding=\"async\" src=\"https:\/\/lagrandeglobal.com\/wp-content\/uploads\/2025\/03\/Camilo-Ceballos-Headshot-1.jpg.png\" alt=\"Camilo Ceballos Headshot (1).jpg\" itemprop=\"image\" height=\"2316\" width=\"2316\" title=\"Camilo Ceballos Headshot (1).jpg\" onerror=\"this.style.display='none'\"  \/>\n\t<h2>Camilo Ceballos<\/h2>\n<h4>Estratega de Marketing y Negocios<\/h4>\n\t<p>Estratega de marketing y negocios con experiencia en los sectores financiero, inmobiliario, tecnol\u00f3gico, de bienes de consumo y servicios de marketing. Ha liderado equipos de mercadeo, desarrollado estrategias comerciales y estructurado nuevos negocios a trav\u00e9s de la innovaci\u00f3n y una visi\u00f3n estrat\u00e9gica. Su trayectoria incluye experiencia en el sector comercial y como emprendedor, brindando soluciones que conectan a las marcas con sus audiencias.<\/p>\n<p>Actualmente, en LaGrande Global, se enfoca en la estructuraci\u00f3n de nuevos negocios, el an\u00e1lisis de oportunidades de inversi\u00f3n y la implementaci\u00f3n de tecnolog\u00edas avanzadas para optimizar las operaciones empresariales. Adem\u00e1s, ha liderado proyectos de implementaci\u00f3n de tecnolog\u00edas como CRM y herramientas de automatizaci\u00f3n de marketing, con el objetivo de mejorar la eficiencia y fomentar un crecimiento sostenible.<\/p>\n<p>Apasionado por Colombia, trabaja guiado por su convicci\u00f3n: \u00abTocar corazones a trav\u00e9s del marketing.\u00bb Es Administrador de Negocios Internacionales de la Universidad de La Sabana.<\/p>\n<h2>\n\t\tGet In Touch\n\t<\/h2>\n\t\n<div class=\"wpcf7 no-js\" id=\"wpcf7-f655-o1\" lang=\"es-ES\" dir=\"ltr\" data-wpcf7-id=\"655\">\n<div class=\"screen-reader-response\"><p role=\"status\" aria-live=\"polite\" aria-atomic=\"true\"><\/p> <ul><\/ul><\/div>\n<form action=\"\/es\/wp-json\/wp\/v2\/pages\/1087#wpcf7-f655-o1\" method=\"post\" class=\"wpcf7-form init\" aria-label=\"Formulario de contacto\" novalidate=\"novalidate\" data-status=\"init\">\n<fieldset class=\"hidden-fields-container\"><input type=\"hidden\" name=\"_wpcf7\" value=\"655\" \/><input type=\"hidden\" name=\"_wpcf7_version\" value=\"6.1.5\" \/><input type=\"hidden\" name=\"_wpcf7_locale\" value=\"es_ES\" \/><input type=\"hidden\" name=\"_wpcf7_unit_tag\" value=\"wpcf7-f655-o1\" \/><input type=\"hidden\" name=\"_wpcf7_container_post\" value=\"0\" \/><input type=\"hidden\" name=\"_wpcf7_posted_data_hash\" value=\"\" \/><input type=\"hidden\" name=\"_wpcf7_recaptcha_response\" value=\"\" \/>\n<\/fieldset>\n<div class=\"row\">\n\t<div class=\"col-md-6\">\n\t\t<p><label>Nombre *<\/label><span class=\"wpcf7-form-control-wrap\" data-name=\"your-first\"><input size=\"40\" maxlength=\"400\" class=\"wpcf7-form-control wpcf7-text wpcf7-validates-as-required\" aria-required=\"true\" aria-invalid=\"false\" value=\"\" type=\"text\" name=\"your-first\" \/><\/span>\n\t\t<\/p>\n\t<\/div>\n\t<div class=\"col-md-6\">\n\t\t<p><label>Apellido *<\/label><span class=\"wpcf7-form-control-wrap\" data-name=\"your-last\"><input size=\"40\" maxlength=\"400\" class=\"wpcf7-form-control wpcf7-text wpcf7-validates-as-required\" aria-required=\"true\" aria-invalid=\"false\" value=\"\" type=\"text\" name=\"your-last\" \/><\/span>\n\t\t<\/p>\n\t<\/div>\n<\/div>\n<div class=\"row\">\n\t<div class=\"col-md-6\">\n\t\t<p><label>Correo electr\u00f3nico *<\/label><span class=\"wpcf7-form-control-wrap\" data-name=\"your-email\"><input size=\"40\" maxlength=\"400\" class=\"wpcf7-form-control wpcf7-email wpcf7-validates-as-required wpcf7-text wpcf7-validates-as-email\" aria-required=\"true\" aria-invalid=\"false\" value=\"\" type=\"email\" name=\"your-email\" \/><\/span>\n\t\t<\/p>\n\t<\/div>\n\t<div class=\"col-md-6\" style=\"position: relative;\">\n\t\t<p><label>Tel\u00e9fono *<\/label><span class=\"wpcf7-form-control-wrap\" data-name=\"your-phone\"><input size=\"40\" class=\"wpcf7-form-control wpcf7-phonetext wpcf7-validates-as-required wpcf7-text wpcf7-validates-as-phonetext\" aria-required=\"true\" aria-invalid=\"false\" value=\"\" type=\"text\" name=\"your-phone\" \/><input type=\"hidden\" name=\"your-phone-country-code\" class=\"wpcf7-phonetext-country-code\" \/><\/span>\n\t\t<\/p>\n\t<\/div>\n<\/div>\n<div class=\"row\">\n\t<div class=\"col-md-12\">\n\t\t<p><label>Nombre de la empresa *<\/label><span class=\"wpcf7-form-control-wrap\" data-name=\"company-name\"><input size=\"40\" maxlength=\"400\" class=\"wpcf7-form-control wpcf7-text wpcf7-validates-as-required\" aria-required=\"true\" aria-invalid=\"false\" value=\"\" type=\"text\" name=\"company-name\" \/><\/span>\n\t\t<\/p>\n\t<\/div>\n\t<div class=\"col-md-12\">\n\t\t<p><label>\u00bfC\u00f3mo podemos ayudarle? *<\/label><span class=\"wpcf7-form-control-wrap\" data-name=\"your-message\"><textarea cols=\"40\" rows=\"10\" maxlength=\"2000\" class=\"wpcf7-form-control wpcf7-textarea wpcf7-validates-as-required\" aria-required=\"true\" aria-invalid=\"false\" name=\"your-message\"><\/textarea><\/span>\n\t\t<\/p>\n\t<\/div>\n<\/div>\n<div class=\"row\">\n\t<p><span id=\"wpcf7-69e178bbccc56-wrapper\" class=\"wpcf7-form-control-wrap setfield-wrap\" style=\"display:none !important; visibility:hidden !important;\"><label for=\"wpcf7-69e178bbccc56-field\" class=\"hp-message\">Por favor, deja este campo vac\u00edo.<\/label><input id=\"wpcf7-69e178bbccc56-field\"  class=\"wpcf7-form-control wpcf7-text\" type=\"text\" name=\"setfield\" value=\"\" size=\"40\" tabindex=\"-1\" autocomplete=\"new-password\" \/><\/span>\n\t<\/p>\n\t<div class=\"col-md-12\">\n\t\t<p><input class=\"wpcf7-form-control wpcf7-submit has-spinner\" type=\"submit\" value=\"Enviar\" \/>\n\t\t<\/p>\n\t<\/div>\n<\/div><p style=\"display: none !important;\" class=\"akismet-fields-container\" data-prefix=\"_wpcf7_ak_\"><label>&#916;<textarea name=\"_wpcf7_ak_hp_textarea\" cols=\"45\" rows=\"8\" maxlength=\"100\"><\/textarea><\/label><input type=\"hidden\" id=\"ak_js_1\" name=\"_wpcf7_ak_js\" value=\"226\"\/><script>document.getElementById( \"ak_js_1\" ).setAttribute( \"value\", ( new Date() ).getTime() );<\/script><\/p><div class=\"wpcf7-response-output\" aria-hidden=\"true\"><\/div>\n<\/form>\n<\/div>\n\n\n","protected":false},"excerpt":{"rendered":"<p>Camilo Ceballos Camilo Ceballos Estratega de Marketing y Negocios Estratega de marketing y negocios con experiencia en los sectores financiero, inmobiliario, tecnol\u00f3gico, de bienes de consumo y servicios de marketing. Ha liderado equipos de mercadeo, desarrollado estrategias comerciales y estructurado nuevos negocios a trav\u00e9s de la innovaci\u00f3n y una visi\u00f3n estrat\u00e9gica. Su trayectoria incluye experiencia&hellip;<\/p>\n","protected":false},"author":7,"featured_media":0,"parent":0,"menu_order":0,"comment_status":"closed","ping_status":"closed","template":"","meta":{"inline_featured_image":false,"footnotes":""},"class_list":["post-1087","page","type-page","status-publish","hentry"],"_links":{"self":[{"href":"https:\/\/lagrandeglobal.com\/es\/wp-json\/wp\/v2\/pages\/1087","targetHints":{"allow":["GET"]}}],"collection":[{"href":"https:\/\/lagrandeglobal.com\/es\/wp-json\/wp\/v2\/pages"}],"about":[{"href":"https:\/\/lagrandeglobal.com\/es\/wp-json\/wp\/v2\/types\/page"}],"author":[{"embeddable":true,"href":"https:\/\/lagrandeglobal.com\/es\/wp-json\/wp\/v2\/users\/7"}],"replies":[{"embeddable":true,"href":"https:\/\/lagrandeglobal.com\/es\/wp-json\/wp\/v2\/comments?post=1087"}],"version-history":[{"count":2,"href":"https:\/\/lagrandeglobal.com\/es\/wp-json\/wp\/v2\/pages\/1087\/revisions"}],"predecessor-version":[{"id":1092,"href":"https:\/\/lagrandeglobal.com\/es\/wp-json\/wp\/v2\/pages\/1087\/revisions\/1092"}],"wp:attachment":[{"href":"https:\/\/lagrandeglobal.com\/es\/wp-json\/wp\/v2\/media?parent=1087"}],"curies":[{"name":"wp","href":"https:\/\/api.w.org\/{rel}","templated":true}]}}