{"id":1110,"date":"2025-06-03T13:29:03","date_gmt":"2025-06-03T13:29:03","guid":{"rendered":"https:\/\/lagrandeglobal.com\/corporate-venture-fund\/"},"modified":"2025-06-03T13:56:36","modified_gmt":"2025-06-03T13:56:36","slug":"fondo-de-capital-de-riesgo-corporativo","status":"publish","type":"page","link":"https:\/\/lagrandeglobal.com\/es\/fondo-de-capital-de-riesgo-corporativo\/","title":{"rendered":"Fondo de Capital de Riesgo Corporativo"},"content":{"rendered":"\n<h1>\n\t\t\tFondo de Capital de Riesgo Corporativo\t<\/h1>\n\t<p>Iniciar un fondo de capital de riesgo corporativo acelera el \u00e9xito de una empresa establecida al conectarla con startups orientadas al futuro, lo que impulsa el acceso a inteligencia y tecnolog\u00eda.<\/p>\n<p>Latinoam\u00e9rica ofrece un mercado en auge para el capital de riesgo corporativo, y LaGrande Global puede ayudar a su empresa a invertir en las oportunidades m\u00e1s prometedoras de la regi\u00f3n.<\/p>\n<h2>\n\t\t\tCreaci\u00f3n y Gesti\u00f3n Integral del Fondo\t<\/h2>\n\t<p>LaGrande Global gu\u00eda a empresas extranjeras y locales en la creaci\u00f3n y mantenimiento de fondos de inversi\u00f3n corporativa. Determinamos la jurisdicci\u00f3n y estructura adecuadas, evaluamos y monitoreamos las inversiones, y gestionamos las salidas seg\u00fan sea necesario.<\/p>\n<h2>\n\t\t\tGesti\u00f3n de Riesgos y Debida Diligencia\t<\/h2>\n\t<p>LaGrande Global aprovecha su conocimiento regional y un enfoque respaldado por investigaciones para identificar inversiones s\u00f3lidas, teniendo en cuenta los puntos de referencia, l\u00edmites de riesgo y fondos asignados. Nuestro proceso exhaustivo de evaluaci\u00f3n tambi\u00e9n analiza la preparaci\u00f3n, garantizando asociaciones estables.<\/p>\n<h2>\n\t\t\tDeterminaci\u00f3n de Sectores de Alta Rentabilidad\t<\/h2>\n\t<p>Nuestros expertos financieros cuentan con un historial comprobado de apoyo a inversionistas en los mercados latinoamericanos. Estamos al tanto de las iniciativas m\u00e1s innovadoras y podemos hacer excelentes recomendaciones de sectores y startups.<\/p>\n<h2>\n\t\t\tSelecci\u00f3n de las Startups Adecuadas\t<\/h2>\n\t<p>LaGrande Global elimina la incertidumbre al invertir en startups, utilizando investigaciones s\u00f3lidas y proyecciones precisas.<\/p>\n<h2>\n\t\t\tExposici\u00f3n Estrat\u00e9gica a Nuevos Mercados\t<\/h2>\n\t<p>LaGrande Global ayuda a empresas establecidas a obtener una ventaja competitiva conect\u00e1ndolas con startups que ofrecen acceso a inteligencia y tecnolog\u00eda.<\/p>\n<h2>\n\t\t\tEnfoque en Fintech, Sostenibilidad y Responsabilidad Social\t<\/h2>\n\t<p>LaGrande Global trabaja con un enfoque especial en los sectores m\u00e1s atractivos de Latinoam\u00e9rica, como fintech, sostenibilidad y responsabilidad social, permitiendo a los inversionistas participar desde el inicio en inversiones y tecnolog\u00edas de futuro.<\/p>\n<h2>\n\t\t\tPor qu\u00e9 iniciar un fondo de capital de riesgo corporativo\t<\/h2>\n\t<p>Los fondos de capital de riesgo corporativo ayudan a las empresas establecidas a prepararse para el futuro, tanto financiera como estrat\u00e9gicamente. A continuaci\u00f3n, encontrar\u00e1 las razones clave por las que las corporaciones se benefician al iniciar un fondo.<\/p>\n<h2>\n\t\t\tAcceso a Mercados y Tecnolog\u00eda\t<\/h2>\n\t<p>Un fondo corporativo permite que la empresa inversionista tenga acceso exclusivo a nueva tecnolog\u00eda e inteligencia, sin necesidad de fusionarse o adquirir una startup.<\/p>\n<h2>\n\t\t\tMejora de la Reputaci\u00f3n\t<\/h2>\n\t<p>Las empresas pueden mejorar su imagen al forjar relaciones con startups que reflejan bien sobre ellas. LaGrande Global conecta a las empresas inversionistas con estas oportunidades.<\/p>\n<h2>\n\t\t\tEntrada al Mercado\t<\/h2>\n\t<p>Las empresas que buscan expandirse a nuevos mercados pueden hacerlo r\u00e1pidamente al asociarse con operaciones ya existentes. LaGrande Global ayuda a empresas extranjeras a aliarse r\u00e1pidamente con las startups adecuadas en Latinoam\u00e9rica y m\u00e1s all\u00e1.<\/p>\n<h2>\n\t\t\tRetornos Financieros\t<\/h2>\n\t<p>Invertir en startups exitosas puede generar retornos lucrativos para el fondo de la empresa. LaGrande Global identifica las mejores oportunidades financieras para las empresas inversionistas.<\/p>\n<h2>\n\t\t\tCaso de \u00c9xito\t<\/h2>\n\t<p>LaGrande Global ayud\u00f3 a una empresa de marketing establecida en los Estados Unidos a asociarse con startups de turismo en Latinoam\u00e9rica para crear relaciones productivas de inversi\u00f3n e intercambio de conocimiento. La empresa inversionista obtuvo acceso a inteligencia especializada, y el fondo logr\u00f3 un retorno sobre la inversi\u00f3n superior al promedio.<\/p>\n<p>La empresa buscaba mejorar sus servicios aprovechando oportunidades en el marketing tur\u00edstico en una de las regiones geogr\u00e1ficas m\u00e1s din\u00e1micas del mundo para los viajes.<\/p>\n<p>Despu\u00e9s de determinar los objetivos de la empresa inversionista y realizar investigaciones sobre posibles asociaciones con startups, LaGrande Global conect\u00f3 a la empresa con iniciativas emergentes prometedoras en diversas \u00e1reas de enfoque, como ecoturismo, lujo y turismo de aventura.<\/p>\n<p>A cambio de la inversi\u00f3n monetaria y asesor\u00eda por parte de la empresa establecida, las startups compartieron conocimientos invaluables de sus campos y acceso a tecnolog\u00eda local que la empresa inversionista pudo utilizar para expandirse.<\/p>\n<p>LaGrande Global se encarg\u00f3 de la creaci\u00f3n del fondo, el seguimiento del progreso de la inversi\u00f3n y la elaboraci\u00f3n de proyecciones. Esto permiti\u00f3 que la empresa inversionista se concentrara plenamente en el enriquecedor intercambio con las startups. LaGrande Global tambi\u00e9n proporcion\u00f3 orientaci\u00f3n cultural local, ofreciendo apoyo en el idioma y asesorando sobre las mejores pr\u00e1cticas habituales, asegurando que sus nuevas relaciones comerciales fueran lo m\u00e1s fruct\u00edferas posible.<\/p>\n<p>Y realmente lo fueron. LaGrande Global ayud\u00f3 a la empresa inversionista a obtener retornos sustanciales y crecer en nuevas direcciones, dispersando sus nuevos conocimientos y beneficios en iniciativas comerciales actuales y futuras.<\/p>\n<h2>\n\t\t\tConversemos\t<\/h2>\n\t\n<div class=\"wpcf7 no-js\" id=\"wpcf7-f655-o1\" lang=\"es-ES\" dir=\"ltr\" data-wpcf7-id=\"655\">\n<div class=\"screen-reader-response\"><p role=\"status\" aria-live=\"polite\" aria-atomic=\"true\"><\/p> <ul><\/ul><\/div>\n<form action=\"\/es\/wp-json\/wp\/v2\/pages\/1110#wpcf7-f655-o1\" method=\"post\" class=\"wpcf7-form init\" aria-label=\"Formulario de contacto\" novalidate=\"novalidate\" data-status=\"init\">\n<fieldset class=\"hidden-fields-container\"><input type=\"hidden\" name=\"_wpcf7\" value=\"655\" \/><input type=\"hidden\" name=\"_wpcf7_version\" value=\"6.1.5\" \/><input type=\"hidden\" name=\"_wpcf7_locale\" value=\"es_ES\" \/><input type=\"hidden\" name=\"_wpcf7_unit_tag\" value=\"wpcf7-f655-o1\" \/><input type=\"hidden\" name=\"_wpcf7_container_post\" value=\"0\" \/><input type=\"hidden\" name=\"_wpcf7_posted_data_hash\" value=\"\" \/><input type=\"hidden\" name=\"_wpcf7_recaptcha_response\" value=\"\" \/>\n<\/fieldset>\n<div class=\"row\">\n\t<div class=\"col-md-6\">\n\t\t<p><label>Nombre *<\/label><span class=\"wpcf7-form-control-wrap\" data-name=\"your-first\"><input size=\"40\" maxlength=\"400\" class=\"wpcf7-form-control wpcf7-text wpcf7-validates-as-required\" aria-required=\"true\" aria-invalid=\"false\" value=\"\" type=\"text\" name=\"your-first\" \/><\/span>\n\t\t<\/p>\n\t<\/div>\n\t<div class=\"col-md-6\">\n\t\t<p><label>Apellido *<\/label><span class=\"wpcf7-form-control-wrap\" data-name=\"your-last\"><input size=\"40\" maxlength=\"400\" class=\"wpcf7-form-control wpcf7-text wpcf7-validates-as-required\" aria-required=\"true\" aria-invalid=\"false\" value=\"\" type=\"text\" name=\"your-last\" \/><\/span>\n\t\t<\/p>\n\t<\/div>\n<\/div>\n<div class=\"row\">\n\t<div class=\"col-md-6\">\n\t\t<p><label>Correo electr\u00f3nico *<\/label><span class=\"wpcf7-form-control-wrap\" data-name=\"your-email\"><input size=\"40\" maxlength=\"400\" class=\"wpcf7-form-control wpcf7-email wpcf7-validates-as-required wpcf7-text wpcf7-validates-as-email\" aria-required=\"true\" aria-invalid=\"false\" value=\"\" type=\"email\" name=\"your-email\" \/><\/span>\n\t\t<\/p>\n\t<\/div>\n\t<div class=\"col-md-6\" style=\"position: relative;\">\n\t\t<p><label>Tel\u00e9fono *<\/label><span class=\"wpcf7-form-control-wrap\" data-name=\"your-phone\"><input size=\"40\" class=\"wpcf7-form-control wpcf7-phonetext wpcf7-validates-as-required wpcf7-text wpcf7-validates-as-phonetext\" aria-required=\"true\" aria-invalid=\"false\" value=\"\" type=\"text\" name=\"your-phone\" \/><input type=\"hidden\" name=\"your-phone-country-code\" class=\"wpcf7-phonetext-country-code\" \/><\/span>\n\t\t<\/p>\n\t<\/div>\n<\/div>\n<div class=\"row\">\n\t<div class=\"col-md-12\">\n\t\t<p><label>Nombre de la empresa *<\/label><span class=\"wpcf7-form-control-wrap\" data-name=\"company-name\"><input size=\"40\" maxlength=\"400\" class=\"wpcf7-form-control wpcf7-text wpcf7-validates-as-required\" aria-required=\"true\" aria-invalid=\"false\" value=\"\" type=\"text\" name=\"company-name\" \/><\/span>\n\t\t<\/p>\n\t<\/div>\n\t<div class=\"col-md-12\">\n\t\t<p><label>\u00bfC\u00f3mo podemos ayudarle? *<\/label><span class=\"wpcf7-form-control-wrap\" data-name=\"your-message\"><textarea cols=\"40\" rows=\"10\" maxlength=\"2000\" class=\"wpcf7-form-control wpcf7-textarea wpcf7-validates-as-required\" aria-required=\"true\" aria-invalid=\"false\" name=\"your-message\"><\/textarea><\/span>\n\t\t<\/p>\n\t<\/div>\n<\/div>\n<div class=\"row\">\n\t<p><span id=\"wpcf7-69ef91f9e7570-wrapper\" class=\"wpcf7-form-control-wrap setfield-wrap\" style=\"display:none !important; visibility:hidden !important;\"><label for=\"wpcf7-69ef91f9e7570-field\" class=\"hp-message\">Por favor, deja este campo vac\u00edo.<\/label><input id=\"wpcf7-69ef91f9e7570-field\"  class=\"wpcf7-form-control wpcf7-text\" type=\"text\" name=\"setfield\" value=\"\" size=\"40\" tabindex=\"-1\" autocomplete=\"new-password\" \/><\/span>\n\t<\/p>\n\t<div class=\"col-md-12\">\n\t\t<p><input class=\"wpcf7-form-control wpcf7-submit has-spinner\" type=\"submit\" value=\"Enviar\" \/>\n\t\t<\/p>\n\t<\/div>\n<\/div><p style=\"display: none !important;\" class=\"akismet-fields-container\" data-prefix=\"_wpcf7_ak_\"><label>&#916;<textarea name=\"_wpcf7_ak_hp_textarea\" cols=\"45\" rows=\"8\" maxlength=\"100\"><\/textarea><\/label><input type=\"hidden\" id=\"ak_js_1\" name=\"_wpcf7_ak_js\" value=\"165\"\/><script>\ndocument.getElementById( \"ak_js_1\" ).setAttribute( \"value\", ( new Date() ).getTime() );\n<\/script>\n<\/p><div class=\"wpcf7-response-output\" aria-hidden=\"true\"><\/div>\n<\/form>\n<\/div>\n\n\n","protected":false},"excerpt":{"rendered":"<p>Fondo de Capital de Riesgo Corporativo Iniciar un fondo de capital de riesgo corporativo acelera el \u00e9xito de una empresa establecida al conectarla con startups orientadas al futuro, lo que impulsa el acceso a inteligencia y tecnolog\u00eda. Latinoam\u00e9rica ofrece un mercado en auge para el capital de riesgo corporativo, y LaGrande Global puede ayudar a&hellip;<\/p>\n","protected":false},"author":7,"featured_media":0,"parent":0,"menu_order":0,"comment_status":"closed","ping_status":"closed","template":"","meta":{"inline_featured_image":false,"footnotes":""},"class_list":["post-1110","page","type-page","status-publish","hentry"],"_links":{"self":[{"href":"https:\/\/lagrandeglobal.com\/es\/wp-json\/wp\/v2\/pages\/1110","targetHints":{"allow":["GET"]}}],"collection":[{"href":"https:\/\/lagrandeglobal.com\/es\/wp-json\/wp\/v2\/pages"}],"about":[{"href":"https:\/\/lagrandeglobal.com\/es\/wp-json\/wp\/v2\/types\/page"}],"author":[{"embeddable":true,"href":"https:\/\/lagrandeglobal.com\/es\/wp-json\/wp\/v2\/users\/7"}],"replies":[{"embeddable":true,"href":"https:\/\/lagrandeglobal.com\/es\/wp-json\/wp\/v2\/comments?post=1110"}],"version-history":[{"count":4,"href":"https:\/\/lagrandeglobal.com\/es\/wp-json\/wp\/v2\/pages\/1110\/revisions"}],"predecessor-version":[{"id":1118,"href":"https:\/\/lagrandeglobal.com\/es\/wp-json\/wp\/v2\/pages\/1110\/revisions\/1118"}],"wp:attachment":[{"href":"https:\/\/lagrandeglobal.com\/es\/wp-json\/wp\/v2\/media?parent=1110"}],"curies":[{"name":"wp","href":"https:\/\/api.w.org\/{rel}","templated":true}]}}