{"id":418,"date":"2021-11-10T21:35:52","date_gmt":"2021-11-10T21:35:52","guid":{"rendered":"https:\/\/lagrandeglobal.com\/inicio\/"},"modified":"2025-01-10T08:24:59","modified_gmt":"2025-01-10T08:24:59","slug":"front","status":"publish","type":"page","link":"https:\/\/lagrandeglobal.com\/es\/","title":{"rendered":"Home"},"content":{"rendered":"\n<h1>\n\t\tLaGrande Global Conectando las Am\u00e9ricas\n\t<\/h1>\n\t<p>Si desea invertir o hacer negocios en Am\u00e9rica Latina, este es el lugar indicado. Desde 2013, LaGrande Global ha ayudado a empresas e inversionistas a tener \u00e9xito en una de las regiones m\u00e1s din\u00e1micas del mundo. Con sedes en Bogot\u00e1, Colombia, y Dallas, Texas, le brindamos la experiencia y el apoyo que necesita para crecer y prosperar.<\/p>\n<h2>\n\t\tLo Que Hacemos\n\t<\/h2>\n\t<p>Ayudamos a inversionistas, empresas y gobiernos a navegar las oportunidades y desaf\u00edos de trabajar en Am\u00e9rica Latina.<\/p>\n<h2>\n\t\tNuestros Servicios\n\t<\/h2>\n<h2>\n\t\tConsultor\u00eda de Inversiones y Diligencia Debida\n\t<\/h2>\n\t<p>Asistimos a inversionistas a evaluar oportunidades, comprender riesgos y tomar decisiones con confianza.<\/p>\n\t\t\t<a href=\"https:\/\/lagrandeglobal.com\/es\/consultoria-de-inversiones-y-diligencia-debida\/\" target=\"_self\">\n\t\t\t\t\t\t\tConozca M\u00e1s\n\t\t\t\t\t<\/a>\n<h2>\n\t\tFondos de Inversi\u00f3n\n\t<\/h2>\n\t<p>Gestionamos fondos enfocados en oportunidades prometedoras en Am\u00e9rica Latina, incluyendo recursos cr\u00edticos y tecnolog\u00eda.<\/p>\n\t\t\t<a href=\"https:\/\/lagrandeglobal.com\/es\/fondos-de-inversion\/\" target=\"_self\">\n\t\t\t\t\t\t\tConozca M\u00e1s\n\t\t\t\t\t<\/a>\n<h2>\n\t\tAsesor\u00eda Corporativa y Gubernamental \n\t<\/h2>\n\t<p>Guiamos a empresas y gobiernos que ingresan o expanden operaciones en Am\u00e9rica Latina, brindando estrategias y apoyo para lograr el \u00e9xito.<\/p>\n\t\t\t<a href=\"https:\/\/lagrandeglobal.com\/es\/asesoria-corporativa-y-gubernamental\/\" target=\"_self\">\n\t\t\t\t\t\t\tConozca M\u00e1s\n\t\t\t\t\t<\/a>\n<h2>\n\t\tSoluciones Especializadas en  Nearshoring\n\t<\/h2>\n\t<p>Asistimos a las empresas en el establecimiento de operaciones en Am\u00e9rica Latina, aprovechando la fuerza laboral calificada de la regi\u00f3n para reducir costos y aumentar la eficiencia.<\/p>\n\t\t\t<a href=\"https:\/\/lagrandeglobal.com\/es\/soluciones-especializadas-en-nearshoring\/\" target=\"_self\">\n\t\t\t\t\t\t\tConozca M\u00e1s\n\t\t\t\t\t<\/a>\n<h2>\n\t\tIndustrias en las que Nos Enfocamos\n\t<\/h2>\n                                                \n                            <h3>Tecnolog\u00eda<\/h3>\n<footer>Oportunidades en fintech, software y transformaci\u00f3n digital.<\/footer>\n                                                \n                            <h3>Turismo<\/h3>\n<footer>Aprovechando el crecimiento del ecoturismo y los viajes en Am\u00e9rica Latina.<br \/>\n<\/footer>\n                                                \n                            <h3>Marketing<\/h3>\n<footer>Conectando empresas con consumidores en mercados diversos y en crecimiento.<\/footer>\n                                                \n                            <h3>Minerales Cr\u00edticos<\/h3>\n<footer>Inversiones en litio, cobre y otros recursos esenciales.<\/footer>\n                                                \n                            <h3>Agricultura y AgTech<\/h3>\n<footer>Innovaci\u00f3n para mejorar la producci\u00f3n agr\u00edcola y alimentaria.<\/footer>\n                                                \n                            <h3>HealthTech<\/h3>\n<footer>Expandiendo el acceso a la salud con herramientas digitales y telemedicina.<\/footer>\n                                                \n                            <h3>Energ\u00edas Renovables<\/h3>\n<footer>Soluciones sostenibles con energ\u00eda solar, e\u00f3lica e hidroel\u00e9ctrica.<\/footer>\n<h2>\n\t\tConozca a Nuestro Equipo\n\t<\/h2>\n\t<p>Nuestro equipo aporta d\u00e9cadas de experiencia y conocimiento local para ayudarle a alcanzar sus objetivos. Estamos apasionados por ayudar a nuestros clientes a crecer y triunfar.<\/p>\n\t\t\t<a href=\"https:\/\/lagrandeglobal.com\/es\/equipo\/\" target=\"_self\">\n\t\t\t\t\t\t\tConozca al Equipo\n\t\t\t\t\t<\/a>\n<h2>\n\t\t\u00bfEst\u00e1 Preparado para Crecer en Am\u00e9rica Latina?\n\t<\/h2>\n\t<p>Cont\u00e1ctenos hoy para descubrir c\u00f3mo podemos ayudarle a alcanzar sus metas.<\/p>\n\t\n<div class=\"wpcf7 no-js\" id=\"wpcf7-f655-o1\" lang=\"es-ES\" dir=\"ltr\" data-wpcf7-id=\"655\">\n<div class=\"screen-reader-response\"><p role=\"status\" aria-live=\"polite\" aria-atomic=\"true\"><\/p> <ul><\/ul><\/div>\n<form action=\"\/es\/wp-json\/wp\/v2\/pages\/418#wpcf7-f655-o1\" method=\"post\" class=\"wpcf7-form init\" aria-label=\"Formulario de contacto\" novalidate=\"novalidate\" data-status=\"init\">\n<fieldset class=\"hidden-fields-container\"><input type=\"hidden\" name=\"_wpcf7\" value=\"655\" \/><input type=\"hidden\" name=\"_wpcf7_version\" value=\"6.1.5\" \/><input type=\"hidden\" name=\"_wpcf7_locale\" value=\"es_ES\" \/><input type=\"hidden\" name=\"_wpcf7_unit_tag\" value=\"wpcf7-f655-o1\" \/><input type=\"hidden\" name=\"_wpcf7_container_post\" value=\"0\" \/><input type=\"hidden\" name=\"_wpcf7_posted_data_hash\" value=\"\" \/><input type=\"hidden\" name=\"_wpcf7_recaptcha_response\" value=\"\" \/>\n<\/fieldset>\n<div class=\"row\">\n\t<div class=\"col-md-6\">\n\t\t<p><label>Nombre *<\/label><span class=\"wpcf7-form-control-wrap\" data-name=\"your-first\"><input size=\"40\" maxlength=\"400\" class=\"wpcf7-form-control wpcf7-text wpcf7-validates-as-required\" aria-required=\"true\" aria-invalid=\"false\" value=\"\" type=\"text\" name=\"your-first\" \/><\/span>\n\t\t<\/p>\n\t<\/div>\n\t<div class=\"col-md-6\">\n\t\t<p><label>Apellido *<\/label><span class=\"wpcf7-form-control-wrap\" data-name=\"your-last\"><input size=\"40\" maxlength=\"400\" class=\"wpcf7-form-control wpcf7-text wpcf7-validates-as-required\" aria-required=\"true\" aria-invalid=\"false\" value=\"\" type=\"text\" name=\"your-last\" \/><\/span>\n\t\t<\/p>\n\t<\/div>\n<\/div>\n<div class=\"row\">\n\t<div class=\"col-md-6\">\n\t\t<p><label>Correo electr\u00f3nico *<\/label><span class=\"wpcf7-form-control-wrap\" data-name=\"your-email\"><input size=\"40\" maxlength=\"400\" class=\"wpcf7-form-control wpcf7-email wpcf7-validates-as-required wpcf7-text wpcf7-validates-as-email\" aria-required=\"true\" aria-invalid=\"false\" value=\"\" type=\"email\" name=\"your-email\" \/><\/span>\n\t\t<\/p>\n\t<\/div>\n\t<div class=\"col-md-6\" style=\"position: relative;\">\n\t\t<p><label>Tel\u00e9fono *<\/label><span class=\"wpcf7-form-control-wrap\" data-name=\"your-phone\"><input size=\"40\" class=\"wpcf7-form-control wpcf7-phonetext wpcf7-validates-as-required wpcf7-text wpcf7-validates-as-phonetext\" aria-required=\"true\" aria-invalid=\"false\" value=\"\" type=\"text\" name=\"your-phone\" \/><input type=\"hidden\" name=\"your-phone-country-code\" class=\"wpcf7-phonetext-country-code\" \/><\/span>\n\t\t<\/p>\n\t<\/div>\n<\/div>\n<div class=\"row\">\n\t<div class=\"col-md-12\">\n\t\t<p><label>Nombre de la empresa *<\/label><span class=\"wpcf7-form-control-wrap\" data-name=\"company-name\"><input size=\"40\" maxlength=\"400\" class=\"wpcf7-form-control wpcf7-text wpcf7-validates-as-required\" aria-required=\"true\" aria-invalid=\"false\" value=\"\" type=\"text\" name=\"company-name\" \/><\/span>\n\t\t<\/p>\n\t<\/div>\n\t<div class=\"col-md-12\">\n\t\t<p><label>\u00bfC\u00f3mo podemos ayudarle? *<\/label><span class=\"wpcf7-form-control-wrap\" data-name=\"your-message\"><textarea cols=\"40\" rows=\"10\" maxlength=\"2000\" class=\"wpcf7-form-control wpcf7-textarea wpcf7-validates-as-required\" aria-required=\"true\" aria-invalid=\"false\" name=\"your-message\"><\/textarea><\/span>\n\t\t<\/p>\n\t<\/div>\n<\/div>\n<div class=\"row\">\n\t<p><span id=\"wpcf7-69e5ebe4afc07-wrapper\" class=\"wpcf7-form-control-wrap setfield-wrap\" style=\"display:none !important; visibility:hidden !important;\"><label for=\"wpcf7-69e5ebe4afc07-field\" class=\"hp-message\">Por favor, deja este campo vac\u00edo.<\/label><input id=\"wpcf7-69e5ebe4afc07-field\"  class=\"wpcf7-form-control wpcf7-text\" type=\"text\" name=\"setfield\" value=\"\" size=\"40\" tabindex=\"-1\" autocomplete=\"new-password\" \/><\/span>\n\t<\/p>\n\t<div class=\"col-md-12\">\n\t\t<p><input class=\"wpcf7-form-control wpcf7-submit has-spinner\" type=\"submit\" value=\"Enviar\" \/>\n\t\t<\/p>\n\t<\/div>\n<\/div><p style=\"display: none !important;\" class=\"akismet-fields-container\" data-prefix=\"_wpcf7_ak_\"><label>&#916;<textarea name=\"_wpcf7_ak_hp_textarea\" cols=\"45\" rows=\"8\" maxlength=\"100\"><\/textarea><\/label><input type=\"hidden\" id=\"ak_js_1\" name=\"_wpcf7_ak_js\" value=\"221\"\/><script>document.getElementById( \"ak_js_1\" ).setAttribute( \"value\", ( new Date() ).getTime() );<\/script><\/p><div class=\"wpcf7-response-output\" aria-hidden=\"true\"><\/div>\n<\/form>\n<\/div>\n\n\n","protected":false},"excerpt":{"rendered":"<p>LaGrande Global Conectando las Am\u00e9ricas Si desea invertir o hacer negocios en Am\u00e9rica Latina, este es el lugar indicado. Desde 2013, LaGrande Global ha ayudado a empresas e inversionistas a tener \u00e9xito en una de las regiones m\u00e1s din\u00e1micas del mundo. Con sedes en Bogot\u00e1, Colombia, y Dallas, Texas, le brindamos la experiencia y el&hellip;<\/p>\n","protected":false},"author":2,"featured_media":0,"parent":0,"menu_order":0,"comment_status":"closed","ping_status":"closed","template":"","meta":{"inline_featured_image":false,"footnotes":""},"class_list":["post-418","page","type-page","status-publish","hentry"],"_links":{"self":[{"href":"https:\/\/lagrandeglobal.com\/es\/wp-json\/wp\/v2\/pages\/418","targetHints":{"allow":["GET"]}}],"collection":[{"href":"https:\/\/lagrandeglobal.com\/es\/wp-json\/wp\/v2\/pages"}],"about":[{"href":"https:\/\/lagrandeglobal.com\/es\/wp-json\/wp\/v2\/types\/page"}],"author":[{"embeddable":true,"href":"https:\/\/lagrandeglobal.com\/es\/wp-json\/wp\/v2\/users\/2"}],"replies":[{"embeddable":true,"href":"https:\/\/lagrandeglobal.com\/es\/wp-json\/wp\/v2\/comments?post=418"}],"version-history":[{"count":20,"href":"https:\/\/lagrandeglobal.com\/es\/wp-json\/wp\/v2\/pages\/418\/revisions"}],"predecessor-version":[{"id":880,"href":"https:\/\/lagrandeglobal.com\/es\/wp-json\/wp\/v2\/pages\/418\/revisions\/880"}],"wp:attachment":[{"href":"https:\/\/lagrandeglobal.com\/es\/wp-json\/wp\/v2\/media?parent=418"}],"curies":[{"name":"wp","href":"https:\/\/api.w.org\/{rel}","templated":true}]}}