{"id":427,"date":"2024-10-10T16:17:38","date_gmt":"2024-10-10T16:17:38","guid":{"rendered":"https:\/\/lagrandeglobal.com\/investment-consulting\/"},"modified":"2024-10-21T13:36:28","modified_gmt":"2024-10-21T13:36:28","slug":"consultoria-de-inversiones","status":"publish","type":"page","link":"https:\/\/lagrandeglobal.com\/es\/consultoria-de-inversiones\/","title":{"rendered":"Consultor\u00eda de Inversiones"},"content":{"rendered":"\n<h1>\n\t\tConsultor\u00eda de Inversiones\n\t<\/h1>\n\t<p>Desde 2013, LaGrande Global ha sido un socio de confianza para familias, empresas e inversionistas institucionales que buscan aprovechar explorar de alto crecimiento en las Am\u00e9ricas. Originalmente establecida como una oficina multifamiliar, tenemos un orgulloso historial de asesorar a familias y empresas exitosas en sus inversiones privadas y p\u00fablicas. Hoy en d\u00eda, nuestra experiencia se ha ampliado para incluir capital de riesgo, capital privado e inversiones oportunistas, con un enfoque en la identificaci\u00f3n y evaluaci\u00f3n de oportunidades en toda Am\u00e9rica Latina y m\u00e1s all\u00e1.<\/p>\n<h2>\n\t\tNuestro Proceso\n\t<\/h2>\n<h2>\n\t\tInvestigaci\u00f3n\n\t<\/h2>\n\t<p>Analizamos oportunidades en toda Am\u00e9rica, centr\u00e1ndonos en mercados y sectores que ofrecen un s\u00f3lido potencial de crecimiento.<\/p>\n<h2>\n\t\tDiligencia Debida\n\t<\/h2>\n\t<p>Cada inversi\u00f3n se examina a fondo mediante an\u00e1lisis financiero y evaluaci\u00f3n de riesgos para garantizar que cumpla con sus criterios y los nuestros.<\/p>\n<h2>\n\t\tExperiencia Regional\n\t<\/h2>\n\t<p>Con oficinas en Dallas y Bogot\u00e1, tenemos un s\u00f3lido entendimiento de los mercados locales, combinado con una perspectiva global sobre las tendencias de inversi\u00f3n. Esto nos permite ofrecer acceso a oportunidades que se alineen con sus objetivos.<\/p>\n<h2>\n\t\tCrecimiento Sostenible\n\t<\/h2>\n\t<p>Nuestro enfoque prioriza las inversiones que brindan valor a largo plazo, asegurando un crecimiento estable alineado con su estrategia financiera.<\/p>\n<h2>\n\t\tNuestros Principios\n\t<\/h2>\n<h2>\n\t\tEnfoque en el Cliente\n\t<\/h2>\n\t<p>Estamos aqu\u00ed para atender las necesidades espec\u00edficas de nuestros clientes, ofreciendo soluciones enfocadas sin distracciones.<\/p>\n<h2>\n\t\tAltos Est\u00e1ndares\n\t<\/h2>\n\t<p>Nos esforzamos por alcanzar la excelencia en todos los aspectos de nuestro trabajo. No nos conformamos con lo \u00absuficientemente bueno.\u00bb<\/p>\n<h2>\n\t\tIntegridad\n\t<\/h2>\n\t<p>Estamos comprometidos a hacer lo correcto para nuestros clientes, tanto legal como \u00e9ticamente.<\/p>\n\t<p>En LaGrande Global, nos enfocamos en ofrecer estrategias de inversi\u00f3n reflexivas y bien investigadas que respetan sus prioridades y objetivos a largo plazo.<\/p>\n\t\t\t<a href=\"\/contact\" target=\"_self\" rel=\"noopener\">\n\t\t\t\t\t\t\tCont\u00e1ctanos\n\t\t\t\t\t<\/a>\n\n","protected":false},"excerpt":{"rendered":"<p>Consultor\u00eda de Inversiones Desde 2013, LaGrande Global ha sido un socio de confianza para familias, empresas e inversionistas institucionales que buscan aprovechar explorar de alto crecimiento en las Am\u00e9ricas. Originalmente establecida como una oficina multifamiliar, tenemos un orgulloso historial de asesorar a familias y empresas exitosas en sus inversiones privadas y p\u00fablicas. Hoy en d\u00eda,&hellip;<\/p>\n","protected":false},"author":7,"featured_media":0,"parent":0,"menu_order":0,"comment_status":"closed","ping_status":"closed","template":"","meta":{"inline_featured_image":false,"footnotes":""},"class_list":["post-427","page","type-page","status-publish","hentry"],"_links":{"self":[{"href":"https:\/\/lagrandeglobal.com\/es\/wp-json\/wp\/v2\/pages\/427","targetHints":{"allow":["GET"]}}],"collection":[{"href":"https:\/\/lagrandeglobal.com\/es\/wp-json\/wp\/v2\/pages"}],"about":[{"href":"https:\/\/lagrandeglobal.com\/es\/wp-json\/wp\/v2\/types\/page"}],"author":[{"embeddable":true,"href":"https:\/\/lagrandeglobal.com\/es\/wp-json\/wp\/v2\/users\/7"}],"replies":[{"embeddable":true,"href":"https:\/\/lagrandeglobal.com\/es\/wp-json\/wp\/v2\/comments?post=427"}],"version-history":[{"count":11,"href":"https:\/\/lagrandeglobal.com\/es\/wp-json\/wp\/v2\/pages\/427\/revisions"}],"predecessor-version":[{"id":588,"href":"https:\/\/lagrandeglobal.com\/es\/wp-json\/wp\/v2\/pages\/427\/revisions\/588"}],"wp:attachment":[{"href":"https:\/\/lagrandeglobal.com\/es\/wp-json\/wp\/v2\/media?parent=427"}],"curies":[{"name":"wp","href":"https:\/\/api.w.org\/{rel}","templated":true}]}}