{"id":432,"date":"2024-10-10T16:37:02","date_gmt":"2024-10-10T16:37:02","guid":{"rendered":"https:\/\/lagrandeglobal.com\/advisory-services\/"},"modified":"2024-10-30T13:43:16","modified_gmt":"2024-10-30T13:43:16","slug":"servicios-de-asesoria","status":"publish","type":"page","link":"https:\/\/lagrandeglobal.com\/es\/servicios-de-asesoria\/","title":{"rendered":"Servicios de Asesor\u00eda"},"content":{"rendered":"\n<h1>\n\t\tServicios de Asesor\u00eda\n\t<\/h1>\n\t<p>En LaGrande Global, nuestros <strong>Servicios de Asesor\u00eda<\/strong> gu\u00edan a las empresas e inversionistas a trav\u00e9s de las complejidades de expandirse en Am\u00e9rica Latina. Trabajamos con clientes que buscan ingresar o crecer en una amplia gama de sectores. Con nuestro profundo conocimiento regional y amplia red de contactos, lo ayudamos a navegar por los mercados locales, formar asociaciones estrat\u00e9gicas y abordar desaf\u00edos regulatorios, asegurando una entrada o expansi\u00f3n en el mercado sin contratiempos.<\/p>\n<h2>\n\t\tLo Que Ofrecemos\n\t<\/h2>\n                                                \n                            <h3>Estrategia de Entrada al Mercado<\/h3>\n<ul>\n<li><strong>Comprender el Entorno<\/strong>: Proporcionamos un an\u00e1lisis exhaustivo del mercado, identificando las oportunidades y desaf\u00edos en las industrias de Am\u00e9rica Latina. Ya sea que est\u00e9 buscando expandir sus operaciones o ingresar a un nuevo mercado, ofrecemos informaci\u00f3n sobre la competencia local, el comportamiento del consumidor y las tendencias econ\u00f3micas.<\/li>\n<li><strong>Soluciones a Medida<\/strong>: Ning\u00fan mercado es igual. Desarrollamos estrategias personalizadas que se ajustan a su modelo de negocio y objetivos espec\u00edficos, asegurando una entrada exitosa en el mercado adecuado en el momento oportuno.<\/li>\n<\/ul>\n                                                \n                            <h3>Desarrollo de Alianzas<\/h3><ul><li><strong>Conexiones Locales<\/strong>: Establecer alianzas s\u00f3lidas es fundamental para el \u00e9xito en Am\u00e9rica Latina. Aprovechamos nuestra red para conectarlo con socios locales confiables, desde proveedores hasta distribuidores y entidades gubernamentales.<\/li><li><strong>Apoyo en Negociaciones<\/strong>: Brindamos asistencia en las negociaciones para garantizar t\u00e9rminos favorables para sus alianzas y colaboraciones, enfoc\u00e1ndonos en relaciones mutuamente beneficiosas a largo plazo.<\/li><\/ul>                        \n                                                \n                            <h3>Orientaci\u00f3n en Regulaciones y Cumplimiento<\/h3>\n<ul>\n<li><strong>Cumplimiento de normativas locales<\/strong>: El entorno regulatorio en Am\u00e9rica Latina puede ser complejo y var\u00eda significativamente entre pa\u00edses. Lo guiamos a trav\u00e9s de las regulaciones locales, leyes laborales y requisitos espec\u00edficos de la industria para garantizar el cumplimiento en cada paso.<\/li>\n<li><strong>Gesti\u00f3n de Riesgos<\/strong>: Evaluamos y ayudamos a mitigar los riesgos relacionados con los marcos legales locales, regulaciones ambientales y barreras comerciales, garantizando que su empresa opere sin problemas y dentro de la ley.<\/li>\n<\/ul>\n                                                \n                            <h3>Apoyo Log\u00edstico<\/h3>\n<ul>\n<li><strong>Optimizaci\u00f3n de la Cadena de Suministro<\/strong>: Ayudamos a establecer cadenas de suministro eficientes, incluyendo la adquisici\u00f3n, fabricaci\u00f3n y distribuci\u00f3n dentro de Am\u00e9rica Latina. Esto incluye la evaluaci\u00f3n de infraestructura, opciones de transporte y estrategias log\u00edsticas rentables.<\/li>\n<li><strong>Experiencia en el Terreno<\/strong>: Nuestra experiencia en la navegaci\u00f3n de los mercados latinoamericanos nos permite brindar apoyo pr\u00e1ctico para manejar los desaf\u00edos log\u00edsticos de operar a trav\u00e9s de fronteras.<\/li>\n<\/ul>\n                                                \n                            <h3>Sostenibilidad e Integraci\u00f3n ESG<\/h3>\n<ul>\n<li><strong>Pr\u00e1cticas Empresariales Sostenibles<\/strong>: Muchas industrias, como las energ\u00edas renovables y los minerales cr\u00edticos, est\u00e1n profundamente vinculadas a preocupaciones ambientales. Ayudamos a integrar la sostenibilidad en sus operaciones, garantizando el cumplimiento de los est\u00e1ndares internacionales de Medio Ambiente, Sociedad y Gobernanza (ESG).<\/li>\n<li><strong>Mejorando su Marca<\/strong>: Adoptar pr\u00e1cticas sostenibles no solo beneficia al medio ambiente, sino que tambi\u00e9n fortalece su marca, haciendo que su empresa sea m\u00e1s atractiva para inversionistas y consumidores.<\/li>\n<\/ul>\n<h2>\n\t\tIndustrias en las que Nos Enfocamos\n\t<\/h2>\n\t<p>Trabajamos en una amplia gama de industrias para ayudar a las empresas a tener \u00e9xito en Am\u00e9rica Latina:<\/p>\n                                                \n                            <h3>Tecnolog\u00eda<\/h3>\n<footer>Desde startups tecnol\u00f3gicas hasta empresas consolidadas, guiamos a las compa\u00f1\u00edas a trav\u00e9s del sector tecnol\u00f3gico de r\u00e1pida evoluci\u00f3n en Am\u00e9rica Latina.<\/footer>\n                                                \n                            <h3>Minerales Cr\u00edticos<\/h3>\n<footer>Am\u00e9rica Latina alberga algunas de las reservas m\u00e1s grandes del mundo de litio, cobre y otros minerales esenciales para la transici\u00f3n hacia la energ\u00eda verde. Te ayudamos a explorar oportunidades de inversi\u00f3n y asociaciones en este sector crucial.<\/footer>\n                                                \n                            <h3>Energ\u00eda Renovable<\/h3>\n<footer>A medida que la regi\u00f3n sigue invirtiendo en energ\u00eda e\u00f3lica, solar e hidroel\u00e9ctrica, ofrecemos orientaci\u00f3n sobre c\u00f3mo ingresar al sector de energ\u00edas renovables, desde el desarrollo de proyectos hasta las aprobaciones regulatorias.<\/footer>\n<h2>\n\t\t\u00bfPor qu\u00e9 Elegirnos?\n\t<\/h2>\n\t<p>Con oficinas en Dallas y Bogot\u00e1, combinamos un profundo conocimiento regional con una perspectiva global de inversi\u00f3n para brindar asesoramiento pr\u00e1ctico y confiable a las empresas que se expanden en Am\u00e9rica Latina.<\/p>\n\t\t\t<a href=\"\/contact\" target=\"_self\" rel=\"noopener\">\n\t\t\t\t\t\t\tCont\u00e1ctanos\n\t\t\t\t\t<\/a>\n\n","protected":false},"excerpt":{"rendered":"<p>Servicios de Asesor\u00eda En LaGrande Global, nuestros Servicios de Asesor\u00eda gu\u00edan a las empresas e inversionistas a trav\u00e9s de las complejidades de expandirse en Am\u00e9rica Latina. Trabajamos con clientes que buscan ingresar o crecer en una amplia gama de sectores. Con nuestro profundo conocimiento regional y amplia red de contactos, lo ayudamos a navegar por&hellip;<\/p>\n","protected":false},"author":7,"featured_media":0,"parent":0,"menu_order":0,"comment_status":"closed","ping_status":"closed","template":"","meta":{"inline_featured_image":false,"footnotes":""},"class_list":["post-432","page","type-page","status-publish","hentry"],"_links":{"self":[{"href":"https:\/\/lagrandeglobal.com\/es\/wp-json\/wp\/v2\/pages\/432","targetHints":{"allow":["GET"]}}],"collection":[{"href":"https:\/\/lagrandeglobal.com\/es\/wp-json\/wp\/v2\/pages"}],"about":[{"href":"https:\/\/lagrandeglobal.com\/es\/wp-json\/wp\/v2\/types\/page"}],"author":[{"embeddable":true,"href":"https:\/\/lagrandeglobal.com\/es\/wp-json\/wp\/v2\/users\/7"}],"replies":[{"embeddable":true,"href":"https:\/\/lagrandeglobal.com\/es\/wp-json\/wp\/v2\/comments?post=432"}],"version-history":[{"count":15,"href":"https:\/\/lagrandeglobal.com\/es\/wp-json\/wp\/v2\/pages\/432\/revisions"}],"predecessor-version":[{"id":600,"href":"https:\/\/lagrandeglobal.com\/es\/wp-json\/wp\/v2\/pages\/432\/revisions\/600"}],"wp:attachment":[{"href":"https:\/\/lagrandeglobal.com\/es\/wp-json\/wp\/v2\/media?parent=432"}],"curies":[{"name":"wp","href":"https:\/\/api.w.org\/{rel}","templated":true}]}}