{"id":816,"date":"2021-05-27T15:17:50","date_gmt":"2021-05-27T15:17:50","guid":{"rendered":"https:\/\/lagrandeglobal.com\/about\/"},"modified":"2025-01-10T08:43:22","modified_gmt":"2025-01-10T08:43:22","slug":"sobre-nosotros","status":"publish","type":"page","link":"https:\/\/lagrandeglobal.com\/es\/sobre-nosotros\/","title":{"rendered":"Sobre Nosotros"},"content":{"rendered":"\n<h1>\n\t\tSobre Nosotros\n\t<\/h1>\n\t<p>LaGrande Global fue fundada en 2013 con una misi\u00f3n clara: ayudar a empresas e inversionistas a navegar las oportunidades y desaf\u00edos de Am\u00e9rica Latina. Con sede en Bogot\u00e1, Colombia, y Dallas, Texas, nos especializamos en consultor\u00eda de inversiones, gesti\u00f3n de fondos y servicios de asesor\u00eda adaptados a los objetivos \u00fanicos de nuestros clientes. Durante la \u00faltima d\u00e9cada, hemos construido una reputaci\u00f3n por descubrir oportunidades de alto crecimiento, realizar rigurosas diligencias debidas y ofrecer soluciones pr\u00e1cticas que empoderan a nuestros clientes para prosperar en mercados din\u00e1micos.<\/p>\n<p>&nbsp;<\/p>\n<p>En LaGrande Global, combinamos una profunda experiencia regional con una perspectiva global para crear valor para nuestros clientes. Nuestro enfoque pr\u00e1ctico garantiza que cada inversi\u00f3n o proyecto se base en realidades locales y est\u00e9 alineado con el \u00e9xito a largo plazo. Ya sea estableciendo operaciones de nearshoring de alta especializaci\u00f3n, gestionando fondos de inversi\u00f3n o ayudando a nuestros clientes a ingresar en nuevas industrias, estamos impulsados por un compromiso con la excelencia, la colaboraci\u00f3n y los resultados. Con un enfoque en sectores como tecnolog\u00eda, agricultura y energ\u00edas renovables, no solo ayudamos a los clientes a hacer crecer sus portafolios, sino que tambi\u00e9n contribuimos al desarrollo econ\u00f3mico de una regi\u00f3n llena de potencial.<\/p>\n<h2>\n\t\tConversemos\n\t<\/h2>\n\t\n<div class=\"wpcf7 no-js\" id=\"wpcf7-f655-o1\" lang=\"es-ES\" dir=\"ltr\" data-wpcf7-id=\"655\">\n<div class=\"screen-reader-response\"><p role=\"status\" aria-live=\"polite\" aria-atomic=\"true\"><\/p> <ul><\/ul><\/div>\n<form action=\"\/es\/wp-json\/wp\/v2\/pages\/816#wpcf7-f655-o1\" method=\"post\" class=\"wpcf7-form init\" aria-label=\"Formulario de contacto\" novalidate=\"novalidate\" data-status=\"init\">\n<fieldset class=\"hidden-fields-container\"><input type=\"hidden\" name=\"_wpcf7\" value=\"655\" \/><input type=\"hidden\" name=\"_wpcf7_version\" value=\"6.1.5\" \/><input type=\"hidden\" name=\"_wpcf7_locale\" value=\"es_ES\" \/><input type=\"hidden\" name=\"_wpcf7_unit_tag\" value=\"wpcf7-f655-o1\" \/><input type=\"hidden\" name=\"_wpcf7_container_post\" value=\"0\" \/><input type=\"hidden\" name=\"_wpcf7_posted_data_hash\" value=\"\" \/><input type=\"hidden\" name=\"_wpcf7_recaptcha_response\" value=\"\" \/>\n<\/fieldset>\n<div class=\"row\">\n\t<div class=\"col-md-6\">\n\t\t<p><label>Nombre *<\/label><span class=\"wpcf7-form-control-wrap\" data-name=\"your-first\"><input size=\"40\" maxlength=\"400\" class=\"wpcf7-form-control wpcf7-text wpcf7-validates-as-required\" aria-required=\"true\" aria-invalid=\"false\" value=\"\" type=\"text\" name=\"your-first\" \/><\/span>\n\t\t<\/p>\n\t<\/div>\n\t<div class=\"col-md-6\">\n\t\t<p><label>Apellido *<\/label><span class=\"wpcf7-form-control-wrap\" data-name=\"your-last\"><input size=\"40\" maxlength=\"400\" class=\"wpcf7-form-control wpcf7-text wpcf7-validates-as-required\" aria-required=\"true\" aria-invalid=\"false\" value=\"\" type=\"text\" name=\"your-last\" \/><\/span>\n\t\t<\/p>\n\t<\/div>\n<\/div>\n<div class=\"row\">\n\t<div class=\"col-md-6\">\n\t\t<p><label>Correo electr\u00f3nico *<\/label><span class=\"wpcf7-form-control-wrap\" data-name=\"your-email\"><input size=\"40\" maxlength=\"400\" class=\"wpcf7-form-control wpcf7-email wpcf7-validates-as-required wpcf7-text wpcf7-validates-as-email\" aria-required=\"true\" aria-invalid=\"false\" value=\"\" type=\"email\" name=\"your-email\" \/><\/span>\n\t\t<\/p>\n\t<\/div>\n\t<div class=\"col-md-6\" style=\"position: relative;\">\n\t\t<p><label>Tel\u00e9fono *<\/label><span class=\"wpcf7-form-control-wrap\" data-name=\"your-phone\"><input size=\"40\" class=\"wpcf7-form-control wpcf7-phonetext wpcf7-validates-as-required wpcf7-text wpcf7-validates-as-phonetext\" aria-required=\"true\" aria-invalid=\"false\" value=\"\" type=\"text\" name=\"your-phone\" \/><input type=\"hidden\" name=\"your-phone-country-code\" class=\"wpcf7-phonetext-country-code\" \/><\/span>\n\t\t<\/p>\n\t<\/div>\n<\/div>\n<div class=\"row\">\n\t<div class=\"col-md-12\">\n\t\t<p><label>Nombre de la empresa *<\/label><span class=\"wpcf7-form-control-wrap\" data-name=\"company-name\"><input size=\"40\" maxlength=\"400\" class=\"wpcf7-form-control wpcf7-text wpcf7-validates-as-required\" aria-required=\"true\" aria-invalid=\"false\" value=\"\" type=\"text\" name=\"company-name\" \/><\/span>\n\t\t<\/p>\n\t<\/div>\n\t<div class=\"col-md-12\">\n\t\t<p><label>\u00bfC\u00f3mo podemos ayudarle? *<\/label><span class=\"wpcf7-form-control-wrap\" data-name=\"your-message\"><textarea cols=\"40\" rows=\"10\" maxlength=\"2000\" class=\"wpcf7-form-control wpcf7-textarea wpcf7-validates-as-required\" aria-required=\"true\" aria-invalid=\"false\" name=\"your-message\"><\/textarea><\/span>\n\t\t<\/p>\n\t<\/div>\n<\/div>\n<div class=\"row\">\n\t<p><span id=\"wpcf7-69df00aef137e-wrapper\" class=\"wpcf7-form-control-wrap setfield-wrap\" style=\"display:none !important; visibility:hidden !important;\"><label for=\"wpcf7-69df00aef137e-field\" class=\"hp-message\">Por favor, deja este campo vac\u00edo.<\/label><input id=\"wpcf7-69df00aef137e-field\"  class=\"wpcf7-form-control wpcf7-text\" type=\"text\" name=\"setfield\" value=\"\" size=\"40\" tabindex=\"-1\" autocomplete=\"new-password\" \/><\/span>\n\t<\/p>\n\t<div class=\"col-md-12\">\n\t\t<p><input class=\"wpcf7-form-control wpcf7-submit has-spinner\" type=\"submit\" value=\"Enviar\" \/>\n\t\t<\/p>\n\t<\/div>\n<\/div><p style=\"display: none !important;\" class=\"akismet-fields-container\" data-prefix=\"_wpcf7_ak_\"><label>&#916;<textarea name=\"_wpcf7_ak_hp_textarea\" cols=\"45\" rows=\"8\" maxlength=\"100\"><\/textarea><\/label><input type=\"hidden\" id=\"ak_js_1\" name=\"_wpcf7_ak_js\" value=\"59\"\/><script>document.getElementById( \"ak_js_1\" ).setAttribute( \"value\", ( new Date() ).getTime() );<\/script><\/p><div class=\"wpcf7-response-output\" aria-hidden=\"true\"><\/div>\n<\/form>\n<\/div>\n\n\n","protected":false},"excerpt":{"rendered":"<p>Sobre Nosotros LaGrande Global fue fundada en 2013 con una misi\u00f3n clara: ayudar a empresas e inversionistas a navegar las oportunidades y desaf\u00edos de Am\u00e9rica Latina. Con sede en Bogot\u00e1, Colombia, y Dallas, Texas, nos especializamos en consultor\u00eda de inversiones, gesti\u00f3n de fondos y servicios de asesor\u00eda adaptados a los objetivos \u00fanicos de nuestros clientes.&hellip;<\/p>\n","protected":false},"author":2,"featured_media":0,"parent":0,"menu_order":0,"comment_status":"closed","ping_status":"closed","template":"","meta":{"inline_featured_image":false,"footnotes":""},"class_list":["post-816","page","type-page","status-publish","hentry"],"_links":{"self":[{"href":"https:\/\/lagrandeglobal.com\/es\/wp-json\/wp\/v2\/pages\/816","targetHints":{"allow":["GET"]}}],"collection":[{"href":"https:\/\/lagrandeglobal.com\/es\/wp-json\/wp\/v2\/pages"}],"about":[{"href":"https:\/\/lagrandeglobal.com\/es\/wp-json\/wp\/v2\/types\/page"}],"author":[{"embeddable":true,"href":"https:\/\/lagrandeglobal.com\/es\/wp-json\/wp\/v2\/users\/2"}],"replies":[{"embeddable":true,"href":"https:\/\/lagrandeglobal.com\/es\/wp-json\/wp\/v2\/comments?post=816"}],"version-history":[{"count":5,"href":"https:\/\/lagrandeglobal.com\/es\/wp-json\/wp\/v2\/pages\/816\/revisions"}],"predecessor-version":[{"id":893,"href":"https:\/\/lagrandeglobal.com\/es\/wp-json\/wp\/v2\/pages\/816\/revisions\/893"}],"wp:attachment":[{"href":"https:\/\/lagrandeglobal.com\/es\/wp-json\/wp\/v2\/media?parent=816"}],"curies":[{"name":"wp","href":"https:\/\/api.w.org\/{rel}","templated":true}]}}