{"id":857,"date":"2024-12-30T07:55:48","date_gmt":"2024-12-30T07:55:48","guid":{"rendered":"https:\/\/lagrandeglobal.com\/corporate-government-advisory\/"},"modified":"2025-01-10T08:42:34","modified_gmt":"2025-01-10T08:42:34","slug":"asesoria-corporativa-y-gubernamental","status":"publish","type":"page","link":"https:\/\/lagrandeglobal.com\/es\/asesoria-corporativa-y-gubernamental\/","title":{"rendered":"Asesor\u00eda Corporativa y Gubernamental"},"content":{"rendered":"\n<h1>\n\t\tAsesor\u00eda Corporativa y Gubernamental\n\t<\/h1>\n\t<p>Navegar los diversos mercados de Am\u00e9rica Latina requiere m\u00e1s que ambici\u00f3n: exige estrategia, precisi\u00f3n y visi\u00f3n. En LaGrande Global, colaboramos con corporaciones y gobiernos para abordar sus desaf\u00edos m\u00e1s urgentes y aprovechar oportunidades transformadoras en toda la regi\u00f3n. Con profundas conexiones en Am\u00e9rica Latina y Estados Unidos, actuamos como un puente entre dos hemisferios, abriendo puertas a asociaciones impactantes y resultados tangibles.<\/p>\n<h2>\n\t\tLo Que Hacemos\n\t<\/h2>\n\t<p>Trabajamos con organizaciones para moldear el futuro de industrias, econom\u00edas y regiones. Ya sea resolviendo problemas complejos o descubriendo potencial inexplorado, nuestro trabajo se define por la discreci\u00f3n, la experiencia y el acceso a las personas clave en el momento oportuno, en ambos lados de la frontera.<\/p>\n<h2>\n\t\tNuestro Enfoque\n\t<\/h2>\n\t<p>No ofrecemos soluciones est\u00e1ndar. Cada colaboraci\u00f3n es \u00fanica, guiada por an\u00e1lisis profundos, conocimiento regional y una perspectiva global. Desde la creaci\u00f3n de estrategias de alto nivel hasta la ejecuci\u00f3n de iniciativas cr\u00edticas, actuamos como una extensi\u00f3n integrada de su equipo, aprovechando nuestras conexiones con los gobiernos de Estados Unidos y Am\u00e9rica Latina, el sector privado y las partes interesadas clave.<\/p>\n<h2>\n\t\t\u00bfPor Qu\u00e9 Elegir LaGrande Global?\n\t<\/h2>\n\t<p>Los clientes eligen a LaGrande Global porque entrega resultados en los complejos mercados de Am\u00e9rica Latina y m\u00e1s all\u00e1. Con oficinas en Bogot\u00e1 y Dallas, combinamos conocimiento local con alcance global. Nuestras conexiones profundas con Estados Unidos, desde agencias federales hasta l\u00edderes del sector privado, amplifican nuestro impacto, asegurando acceso, confianza e influencia donde m\u00e1s importa.<\/p>\n<h2>\n\t\tTrabajemos Juntos\n\t<\/h2>\n\t<p>LaGrande Global est\u00e1 lista para ayudarle a navegar las complejidades de Am\u00e9rica Latina mientras aprovecha conexiones cr\u00edticas en Estados Unidos. Cont\u00e1ctenos para iniciar una conversaci\u00f3n confidencial sobre c\u00f3mo podemos ayudarle.<\/p>\n<h2>\n\t\tConversemos\n\t<\/h2>\n\t\n<div class=\"wpcf7 no-js\" id=\"wpcf7-f655-o1\" lang=\"es-ES\" dir=\"ltr\" data-wpcf7-id=\"655\">\n<div class=\"screen-reader-response\"><p role=\"status\" aria-live=\"polite\" aria-atomic=\"true\"><\/p> <ul><\/ul><\/div>\n<form action=\"\/es\/wp-json\/wp\/v2\/pages\/857#wpcf7-f655-o1\" method=\"post\" class=\"wpcf7-form init\" aria-label=\"Formulario de contacto\" novalidate=\"novalidate\" data-status=\"init\">\n<fieldset class=\"hidden-fields-container\"><input type=\"hidden\" name=\"_wpcf7\" value=\"655\" \/><input type=\"hidden\" name=\"_wpcf7_version\" value=\"6.1.5\" \/><input type=\"hidden\" name=\"_wpcf7_locale\" value=\"es_ES\" \/><input type=\"hidden\" name=\"_wpcf7_unit_tag\" value=\"wpcf7-f655-o1\" \/><input type=\"hidden\" name=\"_wpcf7_container_post\" value=\"0\" \/><input type=\"hidden\" name=\"_wpcf7_posted_data_hash\" value=\"\" \/><input type=\"hidden\" name=\"_wpcf7_recaptcha_response\" value=\"\" \/>\n<\/fieldset>\n<div class=\"row\">\n\t<div class=\"col-md-6\">\n\t\t<p><label>Nombre *<\/label><span class=\"wpcf7-form-control-wrap\" data-name=\"your-first\"><input size=\"40\" maxlength=\"400\" class=\"wpcf7-form-control wpcf7-text wpcf7-validates-as-required\" aria-required=\"true\" aria-invalid=\"false\" value=\"\" type=\"text\" name=\"your-first\" \/><\/span>\n\t\t<\/p>\n\t<\/div>\n\t<div class=\"col-md-6\">\n\t\t<p><label>Apellido *<\/label><span class=\"wpcf7-form-control-wrap\" data-name=\"your-last\"><input size=\"40\" maxlength=\"400\" class=\"wpcf7-form-control wpcf7-text wpcf7-validates-as-required\" aria-required=\"true\" aria-invalid=\"false\" value=\"\" type=\"text\" name=\"your-last\" \/><\/span>\n\t\t<\/p>\n\t<\/div>\n<\/div>\n<div class=\"row\">\n\t<div class=\"col-md-6\">\n\t\t<p><label>Correo electr\u00f3nico *<\/label><span class=\"wpcf7-form-control-wrap\" data-name=\"your-email\"><input size=\"40\" maxlength=\"400\" class=\"wpcf7-form-control wpcf7-email wpcf7-validates-as-required wpcf7-text wpcf7-validates-as-email\" aria-required=\"true\" aria-invalid=\"false\" value=\"\" type=\"email\" name=\"your-email\" \/><\/span>\n\t\t<\/p>\n\t<\/div>\n\t<div class=\"col-md-6\" style=\"position: relative;\">\n\t\t<p><label>Tel\u00e9fono *<\/label><span class=\"wpcf7-form-control-wrap\" data-name=\"your-phone\"><input size=\"40\" class=\"wpcf7-form-control wpcf7-phonetext wpcf7-validates-as-required wpcf7-text wpcf7-validates-as-phonetext\" aria-required=\"true\" aria-invalid=\"false\" value=\"\" type=\"text\" name=\"your-phone\" \/><input type=\"hidden\" name=\"your-phone-country-code\" class=\"wpcf7-phonetext-country-code\" \/><\/span>\n\t\t<\/p>\n\t<\/div>\n<\/div>\n<div class=\"row\">\n\t<div class=\"col-md-12\">\n\t\t<p><label>Nombre de la empresa *<\/label><span class=\"wpcf7-form-control-wrap\" data-name=\"company-name\"><input size=\"40\" maxlength=\"400\" class=\"wpcf7-form-control wpcf7-text wpcf7-validates-as-required\" aria-required=\"true\" aria-invalid=\"false\" value=\"\" type=\"text\" name=\"company-name\" \/><\/span>\n\t\t<\/p>\n\t<\/div>\n\t<div class=\"col-md-12\">\n\t\t<p><label>\u00bfC\u00f3mo podemos ayudarle? *<\/label><span class=\"wpcf7-form-control-wrap\" data-name=\"your-message\"><textarea cols=\"40\" rows=\"10\" maxlength=\"2000\" class=\"wpcf7-form-control wpcf7-textarea wpcf7-validates-as-required\" aria-required=\"true\" aria-invalid=\"false\" name=\"your-message\"><\/textarea><\/span>\n\t\t<\/p>\n\t<\/div>\n<\/div>\n<div class=\"row\">\n\t<p><span id=\"wpcf7-69deeef7d0d93-wrapper\" class=\"wpcf7-form-control-wrap setfield-wrap\" style=\"display:none !important; visibility:hidden !important;\"><label for=\"wpcf7-69deeef7d0d93-field\" class=\"hp-message\">Por favor, deja este campo vac\u00edo.<\/label><input id=\"wpcf7-69deeef7d0d93-field\"  class=\"wpcf7-form-control wpcf7-text\" type=\"text\" name=\"setfield\" value=\"\" size=\"40\" tabindex=\"-1\" autocomplete=\"new-password\" \/><\/span>\n\t<\/p>\n\t<div class=\"col-md-12\">\n\t\t<p><input class=\"wpcf7-form-control wpcf7-submit has-spinner\" type=\"submit\" value=\"Enviar\" \/>\n\t\t<\/p>\n\t<\/div>\n<\/div><p style=\"display: none !important;\" class=\"akismet-fields-container\" data-prefix=\"_wpcf7_ak_\"><label>&#916;<textarea name=\"_wpcf7_ak_hp_textarea\" cols=\"45\" rows=\"8\" maxlength=\"100\"><\/textarea><\/label><input type=\"hidden\" id=\"ak_js_1\" name=\"_wpcf7_ak_js\" value=\"105\"\/><script>document.getElementById( \"ak_js_1\" ).setAttribute( \"value\", ( new Date() ).getTime() );<\/script><\/p><div class=\"wpcf7-response-output\" aria-hidden=\"true\"><\/div>\n<\/form>\n<\/div>\n\n\n","protected":false},"excerpt":{"rendered":"<p>Asesor\u00eda Corporativa y Gubernamental Navegar los diversos mercados de Am\u00e9rica Latina requiere m\u00e1s que ambici\u00f3n: exige estrategia, precisi\u00f3n y visi\u00f3n. En LaGrande Global, colaboramos con corporaciones y gobiernos para abordar sus desaf\u00edos m\u00e1s urgentes y aprovechar oportunidades transformadoras en toda la regi\u00f3n. Con profundas conexiones en Am\u00e9rica Latina y Estados Unidos, actuamos como un puente&hellip;<\/p>\n","protected":false},"author":7,"featured_media":0,"parent":0,"menu_order":0,"comment_status":"closed","ping_status":"closed","template":"","meta":{"inline_featured_image":false,"footnotes":""},"class_list":["post-857","page","type-page","status-publish","hentry"],"_links":{"self":[{"href":"https:\/\/lagrandeglobal.com\/es\/wp-json\/wp\/v2\/pages\/857","targetHints":{"allow":["GET"]}}],"collection":[{"href":"https:\/\/lagrandeglobal.com\/es\/wp-json\/wp\/v2\/pages"}],"about":[{"href":"https:\/\/lagrandeglobal.com\/es\/wp-json\/wp\/v2\/types\/page"}],"author":[{"embeddable":true,"href":"https:\/\/lagrandeglobal.com\/es\/wp-json\/wp\/v2\/users\/7"}],"replies":[{"embeddable":true,"href":"https:\/\/lagrandeglobal.com\/es\/wp-json\/wp\/v2\/comments?post=857"}],"version-history":[{"count":4,"href":"https:\/\/lagrandeglobal.com\/es\/wp-json\/wp\/v2\/pages\/857\/revisions"}],"predecessor-version":[{"id":891,"href":"https:\/\/lagrandeglobal.com\/es\/wp-json\/wp\/v2\/pages\/857\/revisions\/891"}],"wp:attachment":[{"href":"https:\/\/lagrandeglobal.com\/es\/wp-json\/wp\/v2\/media?parent=857"}],"curies":[{"name":"wp","href":"https:\/\/api.w.org\/{rel}","templated":true}]}}